{"id":8773,"date":"2024-11-15T18:54:46","date_gmt":"2024-11-15T18:54:46","guid":{"rendered":"https:\/\/www.tuvendes.com.ar\/demo\/producto\/tote-catedral\/"},"modified":"2026-04-20T20:14:53","modified_gmt":"2026-04-20T20:14:53","slug":"tote-catedral","status":"publish","type":"product","link":"https:\/\/www.tuvendes.com.ar\/demo\/producto\/tote-catedral\/","title":{"rendered":"Tote Catedral"},"content":{"rendered":"<p>El Tote Catedral est\u00e1 confeccionado en materiales super resistentes: Tarpaulin, PEVA y PE, lo que le otorga durabilidad y resistencia al uso diario. Con sus medidas de 50,8 (alto) x 12,7 (profundidad) x 55,8 (ancho) cm, ofrece un amplio espacio para llevar todo lo que necesitas. Adem\u00e1s, no tiene cierres: se enrosca y se engancha para asegurarte de no perder nada.<br \/>\nEl Tote Catedral es muy c\u00f3modo y pr\u00e1ctico: usalo como eco bag para las compras, como cartera para la oficina o ll\u00e9vala a la playa. \u00a1Ideal para cualquier ocasi\u00f3n!<br \/>\nPampero<\/p>\n","protected":false},"excerpt":{"rendered":"<p>El Tote Catedral est\u00e1 confeccionado en materiales super resistentes: Tarpaulin, PEVA y PE, lo que le otorga durabilidad y resistencia<\/p>\n","protected":false},"featured_media":45657,"template":"","meta":[],"product_brand":[1889],"product_cat":[1773,1757,1772],"product_tag":[],"class_list":{"0":"post-8773","1":"product","2":"type-product","3":"status-publish","4":"has-post-thumbnail","6":"product_brand-pampero","7":"product_cat-bolsas-y-tote-bags","8":"product_cat-bolsos-y-mochilas","9":"product_cat-viajes","10":"pa_variant-gris-claro-gris-claro-algodon-poliest","12":"first","13":"instock","14":"shipping-taxable","15":"purchasable","16":"product-type-variable"},"_links":{"self":[{"href":"https:\/\/www.tuvendes.com.ar\/demo\/wp-json\/wp\/v2\/product\/8773","targetHints":{"allow":["GET"]}}],"collection":[{"href":"https:\/\/www.tuvendes.com.ar\/demo\/wp-json\/wp\/v2\/product"}],"about":[{"href":"https:\/\/www.tuvendes.com.ar\/demo\/wp-json\/wp\/v2\/types\/product"}],"wp:featuredmedia":[{"embeddable":true,"href":"https:\/\/www.tuvendes.com.ar\/demo\/wp-json\/wp\/v2\/media\/45657"}],"wp:attachment":[{"href":"https:\/\/www.tuvendes.com.ar\/demo\/wp-json\/wp\/v2\/media?parent=8773"}],"wp:term":[{"taxonomy":"product_brand","embeddable":true,"href":"https:\/\/www.tuvendes.com.ar\/demo\/wp-json\/wp\/v2\/product_brand?post=8773"},{"taxonomy":"product_cat","embeddable":true,"href":"https:\/\/www.tuvendes.com.ar\/demo\/wp-json\/wp\/v2\/product_cat?post=8773"},{"taxonomy":"product_tag","embeddable":true,"href":"https:\/\/www.tuvendes.com.ar\/demo\/wp-json\/wp\/v2\/product_tag?post=8773"}],"curies":[{"name":"wp","href":"https:\/\/api.w.org\/{rel}","templated":true}]}}